{"id":3446,"date":"2025-02-21T12:01:58","date_gmt":"2025-02-21T11:01:58","guid":{"rendered":"https:\/\/polinno.art\/?page_id=3446"},"modified":"2025-12-18T20:27:48","modified_gmt":"2025-12-18T19:27:48","slug":"la-salle-pedagogique","status":"publish","type":"page","link":"https:\/\/polinno.art\/index.php\/la-salle-pedagogique\/","title":{"rendered":"La salle p\u00e9dagogique"},"content":{"rendered":"\n<figure class=\"wp-block-gallery has-nested-images columns-default is-cropped wp-block-gallery-1 is-layout-flex wp-block-gallery-is-layout-flex\">\n<figure class=\"wp-block-image size-large\"><img data-recalc-dims=\"1\" loading=\"lazy\" decoding=\"async\" width=\"525\" height=\"743\" data-attachment-id=\"3508\" data-permalink=\"https:\/\/polinno.art\/index.php\/la-salle-pedagogique\/588495327_1272792281555067_3879073707479411747_n\/\" data-orig-file=\"https:\/\/i0.wp.com\/polinno.art\/wp-content\/uploads\/2025\/12\/588495327_1272792281555067_3879073707479411747_n.jpg?fit=877%2C1240&amp;ssl=1\" data-orig-size=\"877,1240\" data-comments-opened=\"0\" data-image-meta=\"{&quot;aperture&quot;:&quot;0&quot;,&quot;credit&quot;:&quot;&quot;,&quot;camera&quot;:&quot;&quot;,&quot;caption&quot;:&quot;&quot;,&quot;created_timestamp&quot;:&quot;0&quot;,&quot;copyright&quot;:&quot;&quot;,&quot;focal_length&quot;:&quot;0&quot;,&quot;iso&quot;:&quot;0&quot;,&quot;shutter_speed&quot;:&quot;0&quot;,&quot;title&quot;:&quot;&quot;,&quot;orientation&quot;:&quot;0&quot;}\" data-image-title=\"588495327_1272792281555067_3879073707479411747_n\" data-image-description=\"\" data-image-caption=\"\" data-large-file=\"https:\/\/i0.wp.com\/polinno.art\/wp-content\/uploads\/2025\/12\/588495327_1272792281555067_3879073707479411747_n.jpg?fit=525%2C743&amp;ssl=1\" data-id=\"3508\" src=\"https:\/\/i0.wp.com\/polinno.art\/wp-content\/uploads\/2025\/12\/588495327_1272792281555067_3879073707479411747_n.jpg?resize=525%2C743&#038;ssl=1\" alt=\"\" class=\"wp-image-3508\" srcset=\"https:\/\/i0.wp.com\/polinno.art\/wp-content\/uploads\/2025\/12\/588495327_1272792281555067_3879073707479411747_n.jpg?resize=724%2C1024&amp;ssl=1 724w, https:\/\/i0.wp.com\/polinno.art\/wp-content\/uploads\/2025\/12\/588495327_1272792281555067_3879073707479411747_n.jpg?resize=212%2C300&amp;ssl=1 212w, https:\/\/i0.wp.com\/polinno.art\/wp-content\/uploads\/2025\/12\/588495327_1272792281555067_3879073707479411747_n.jpg?resize=768%2C1086&amp;ssl=1 768w, https:\/\/i0.wp.com\/polinno.art\/wp-content\/uploads\/2025\/12\/588495327_1272792281555067_3879073707479411747_n.jpg?w=877&amp;ssl=1 877w\" sizes=\"auto, (max-width: 525px) 100vw, 525px\" \/><\/figure>\n<\/figure>\n\n\n\n<p>La salle p\u00e9dagogique est un espace de 60m\u00b2 d\u00e9di\u00e9 aux professionnels des m\u00e9tiers d\u2019art souhaitant donner des cours et stages au grand public.<\/p>\n\n\n\n<p><\/p>\n\n\n\n<p><\/p>\n","protected":false},"excerpt":{"rendered":"<p>La salle p\u00e9dagogique est un espace de 60m\u00b2 d\u00e9di\u00e9 aux professionnels des m\u00e9tiers d\u2019art souhaitant donner des cours et stages au grand public.<\/p>\n","protected":false},"author":4,"featured_media":0,"parent":0,"menu_order":0,"comment_status":"closed","ping_status":"closed","template":"","meta":{"footnotes":""},"class_list":["post-3446","page","type-page","status-publish","hentry"],"yoast_head":"<!-- This site is optimized with the Yoast SEO plugin v27.4 - https:\/\/yoast.com\/product\/yoast-seo-wordpress\/ -->\n<title>La salle p\u00e9dagogique - Polinno<\/title>\n<meta name=\"robots\" content=\"index, follow, max-snippet:-1, max-image-preview:large, max-video-preview:-1\" \/>\n<link rel=\"canonical\" href=\"https:\/\/polinno.art\/index.php\/la-salle-pedagogique\/\" \/>\n<meta property=\"og:locale\" content=\"fr_FR\" \/>\n<meta property=\"og:type\" content=\"article\" \/>\n<meta property=\"og:title\" content=\"La salle p\u00e9dagogique - Polinno\" \/>\n<meta property=\"og:description\" content=\"La salle p\u00e9dagogique est un espace de 60m\u00b2 d\u00e9di\u00e9 aux professionnels des m\u00e9tiers d\u2019art souhaitant donner des cours et stages au grand public.\" \/>\n<meta property=\"og:url\" content=\"https:\/\/polinno.art\/index.php\/la-salle-pedagogique\/\" \/>\n<meta property=\"og:site_name\" content=\"Polinno\" \/>\n<meta property=\"article:modified_time\" content=\"2025-12-18T19:27:48+00:00\" \/>\n<meta property=\"og:image\" content=\"https:\/\/polinno.art\/wp-content\/uploads\/2025\/12\/588495327_1272792281555067_3879073707479411747_n-724x1024.jpg\" \/>\n<meta name=\"twitter:card\" content=\"summary_large_image\" \/>\n<meta name=\"twitter:label1\" content=\"Dur\u00e9e de lecture estim\u00e9e\" \/>\n\t<meta name=\"twitter:data1\" content=\"1 minute\" \/>\n<script type=\"application\/ld+json\" class=\"yoast-schema-graph\">{\"@context\":\"https:\\\/\\\/schema.org\",\"@graph\":[{\"@type\":\"WebPage\",\"@id\":\"https:\\\/\\\/polinno.art\\\/index.php\\\/la-salle-pedagogique\\\/\",\"url\":\"https:\\\/\\\/polinno.art\\\/index.php\\\/la-salle-pedagogique\\\/\",\"name\":\"La salle p\u00e9dagogique - Polinno\",\"isPartOf\":{\"@id\":\"https:\\\/\\\/polinno.art\\\/#website\"},\"primaryImageOfPage\":{\"@id\":\"https:\\\/\\\/polinno.art\\\/index.php\\\/la-salle-pedagogique\\\/#primaryimage\"},\"image\":{\"@id\":\"https:\\\/\\\/polinno.art\\\/index.php\\\/la-salle-pedagogique\\\/#primaryimage\"},\"thumbnailUrl\":\"https:\\\/\\\/polinno.art\\\/wp-content\\\/uploads\\\/2025\\\/12\\\/588495327_1272792281555067_3879073707479411747_n-724x1024.jpg\",\"datePublished\":\"2025-02-21T11:01:58+00:00\",\"dateModified\":\"2025-12-18T19:27:48+00:00\",\"breadcrumb\":{\"@id\":\"https:\\\/\\\/polinno.art\\\/index.php\\\/la-salle-pedagogique\\\/#breadcrumb\"},\"inLanguage\":\"fr-FR\",\"potentialAction\":[{\"@type\":\"ReadAction\",\"target\":[\"https:\\\/\\\/polinno.art\\\/index.php\\\/la-salle-pedagogique\\\/\"]}]},{\"@type\":\"ImageObject\",\"inLanguage\":\"fr-FR\",\"@id\":\"https:\\\/\\\/polinno.art\\\/index.php\\\/la-salle-pedagogique\\\/#primaryimage\",\"url\":\"https:\\\/\\\/i0.wp.com\\\/polinno.art\\\/wp-content\\\/uploads\\\/2025\\\/12\\\/588495327_1272792281555067_3879073707479411747_n.jpg?fit=877%2C1240&ssl=1\",\"contentUrl\":\"https:\\\/\\\/i0.wp.com\\\/polinno.art\\\/wp-content\\\/uploads\\\/2025\\\/12\\\/588495327_1272792281555067_3879073707479411747_n.jpg?fit=877%2C1240&ssl=1\",\"width\":877,\"height\":1240},{\"@type\":\"BreadcrumbList\",\"@id\":\"https:\\\/\\\/polinno.art\\\/index.php\\\/la-salle-pedagogique\\\/#breadcrumb\",\"itemListElement\":[{\"@type\":\"ListItem\",\"position\":1,\"name\":\"Accueil\",\"item\":\"https:\\\/\\\/polinno.art\\\/\"},{\"@type\":\"ListItem\",\"position\":2,\"name\":\"La salle p\u00e9dagogique\"}]},{\"@type\":\"WebSite\",\"@id\":\"https:\\\/\\\/polinno.art\\\/#website\",\"url\":\"https:\\\/\\\/polinno.art\\\/\",\"name\":\"polinno.art\",\"description\":\"P\u00f4le d&#039;innovation des m\u00e9tiers d&#039;art\",\"publisher\":{\"@id\":\"https:\\\/\\\/polinno.art\\\/#organization\"},\"potentialAction\":[{\"@type\":\"SearchAction\",\"target\":{\"@type\":\"EntryPoint\",\"urlTemplate\":\"https:\\\/\\\/polinno.art\\\/?s={search_term_string}\"},\"query-input\":{\"@type\":\"PropertyValueSpecification\",\"valueRequired\":true,\"valueName\":\"search_term_string\"}}],\"inLanguage\":\"fr-FR\"},{\"@type\":\"Organization\",\"@id\":\"https:\\\/\\\/polinno.art\\\/#organization\",\"name\":\"polinno.art\",\"url\":\"https:\\\/\\\/polinno.art\\\/\",\"logo\":{\"@type\":\"ImageObject\",\"inLanguage\":\"fr-FR\",\"@id\":\"https:\\\/\\\/polinno.art\\\/#\\\/schema\\\/logo\\\/image\\\/\",\"url\":\"https:\\\/\\\/i0.wp.com\\\/polinno.art\\\/wp-content\\\/uploads\\\/2019\\\/07\\\/polinno_logo.png?fit=442%2C482\",\"contentUrl\":\"https:\\\/\\\/i0.wp.com\\\/polinno.art\\\/wp-content\\\/uploads\\\/2019\\\/07\\\/polinno_logo.png?fit=442%2C482\",\"width\":442,\"height\":482,\"caption\":\"polinno.art\"},\"image\":{\"@id\":\"https:\\\/\\\/polinno.art\\\/#\\\/schema\\\/logo\\\/image\\\/\"}}]}<\/script>\n<!-- \/ Yoast SEO plugin. -->","yoast_head_json":{"title":"La salle p\u00e9dagogique - Polinno","robots":{"index":"index","follow":"follow","max-snippet":"max-snippet:-1","max-image-preview":"max-image-preview:large","max-video-preview":"max-video-preview:-1"},"canonical":"https:\/\/polinno.art\/index.php\/la-salle-pedagogique\/","og_locale":"fr_FR","og_type":"article","og_title":"La salle p\u00e9dagogique - Polinno","og_description":"La salle p\u00e9dagogique est un espace de 60m\u00b2 d\u00e9di\u00e9 aux professionnels des m\u00e9tiers d\u2019art souhaitant donner des cours et stages au grand public.","og_url":"https:\/\/polinno.art\/index.php\/la-salle-pedagogique\/","og_site_name":"Polinno","article_modified_time":"2025-12-18T19:27:48+00:00","og_image":[{"url":"https:\/\/polinno.art\/wp-content\/uploads\/2025\/12\/588495327_1272792281555067_3879073707479411747_n-724x1024.jpg","type":"","width":"","height":""}],"twitter_card":"summary_large_image","twitter_misc":{"Dur\u00e9e de lecture estim\u00e9e":"1 minute"},"schema":{"@context":"https:\/\/schema.org","@graph":[{"@type":"WebPage","@id":"https:\/\/polinno.art\/index.php\/la-salle-pedagogique\/","url":"https:\/\/polinno.art\/index.php\/la-salle-pedagogique\/","name":"La salle p\u00e9dagogique - Polinno","isPartOf":{"@id":"https:\/\/polinno.art\/#website"},"primaryImageOfPage":{"@id":"https:\/\/polinno.art\/index.php\/la-salle-pedagogique\/#primaryimage"},"image":{"@id":"https:\/\/polinno.art\/index.php\/la-salle-pedagogique\/#primaryimage"},"thumbnailUrl":"https:\/\/polinno.art\/wp-content\/uploads\/2025\/12\/588495327_1272792281555067_3879073707479411747_n-724x1024.jpg","datePublished":"2025-02-21T11:01:58+00:00","dateModified":"2025-12-18T19:27:48+00:00","breadcrumb":{"@id":"https:\/\/polinno.art\/index.php\/la-salle-pedagogique\/#breadcrumb"},"inLanguage":"fr-FR","potentialAction":[{"@type":"ReadAction","target":["https:\/\/polinno.art\/index.php\/la-salle-pedagogique\/"]}]},{"@type":"ImageObject","inLanguage":"fr-FR","@id":"https:\/\/polinno.art\/index.php\/la-salle-pedagogique\/#primaryimage","url":"https:\/\/i0.wp.com\/polinno.art\/wp-content\/uploads\/2025\/12\/588495327_1272792281555067_3879073707479411747_n.jpg?fit=877%2C1240&ssl=1","contentUrl":"https:\/\/i0.wp.com\/polinno.art\/wp-content\/uploads\/2025\/12\/588495327_1272792281555067_3879073707479411747_n.jpg?fit=877%2C1240&ssl=1","width":877,"height":1240},{"@type":"BreadcrumbList","@id":"https:\/\/polinno.art\/index.php\/la-salle-pedagogique\/#breadcrumb","itemListElement":[{"@type":"ListItem","position":1,"name":"Accueil","item":"https:\/\/polinno.art\/"},{"@type":"ListItem","position":2,"name":"La salle p\u00e9dagogique"}]},{"@type":"WebSite","@id":"https:\/\/polinno.art\/#website","url":"https:\/\/polinno.art\/","name":"polinno.art","description":"P\u00f4le d&#039;innovation des m\u00e9tiers d&#039;art","publisher":{"@id":"https:\/\/polinno.art\/#organization"},"potentialAction":[{"@type":"SearchAction","target":{"@type":"EntryPoint","urlTemplate":"https:\/\/polinno.art\/?s={search_term_string}"},"query-input":{"@type":"PropertyValueSpecification","valueRequired":true,"valueName":"search_term_string"}}],"inLanguage":"fr-FR"},{"@type":"Organization","@id":"https:\/\/polinno.art\/#organization","name":"polinno.art","url":"https:\/\/polinno.art\/","logo":{"@type":"ImageObject","inLanguage":"fr-FR","@id":"https:\/\/polinno.art\/#\/schema\/logo\/image\/","url":"https:\/\/i0.wp.com\/polinno.art\/wp-content\/uploads\/2019\/07\/polinno_logo.png?fit=442%2C482","contentUrl":"https:\/\/i0.wp.com\/polinno.art\/wp-content\/uploads\/2019\/07\/polinno_logo.png?fit=442%2C482","width":442,"height":482,"caption":"polinno.art"},"image":{"@id":"https:\/\/polinno.art\/#\/schema\/logo\/image\/"}}]}},"jetpack_sharing_enabled":true,"jetpack_shortlink":"https:\/\/wp.me\/PaWIIL-TA","jetpack_likes_enabled":true,"_links":{"self":[{"href":"https:\/\/polinno.art\/index.php\/wp-json\/wp\/v2\/pages\/3446","targetHints":{"allow":["GET"]}}],"collection":[{"href":"https:\/\/polinno.art\/index.php\/wp-json\/wp\/v2\/pages"}],"about":[{"href":"https:\/\/polinno.art\/index.php\/wp-json\/wp\/v2\/types\/page"}],"author":[{"embeddable":true,"href":"https:\/\/polinno.art\/index.php\/wp-json\/wp\/v2\/users\/4"}],"replies":[{"embeddable":true,"href":"https:\/\/polinno.art\/index.php\/wp-json\/wp\/v2\/comments?post=3446"}],"version-history":[{"count":2,"href":"https:\/\/polinno.art\/index.php\/wp-json\/wp\/v2\/pages\/3446\/revisions"}],"predecessor-version":[{"id":3510,"href":"https:\/\/polinno.art\/index.php\/wp-json\/wp\/v2\/pages\/3446\/revisions\/3510"}],"wp:attachment":[{"href":"https:\/\/polinno.art\/index.php\/wp-json\/wp\/v2\/media?parent=3446"}],"curies":[{"name":"wp","href":"https:\/\/api.w.org\/{rel}","templated":true}]}}