{"id":2961,"date":"2023-03-17T14:14:54","date_gmt":"2023-03-17T13:14:54","guid":{"rendered":"http:\/\/polinno.art\/?page_id=2961"},"modified":"2023-03-17T14:14:55","modified_gmt":"2023-03-17T13:14:55","slug":"micro-folie-polinno-atelier-raconte-le-silence","status":"publish","type":"page","link":"https:\/\/polinno.art\/index.php\/micro-folie-polinno-atelier-raconte-le-silence\/","title":{"rendered":"Micro-Folie Polinno : Atelier \u00ab\u00a0Raconte le silence\u00a0\u00bb"},"content":{"rendered":"\n<div class=\"wp-block-media-text alignwide is-stacked-on-mobile is-vertically-aligned-center has-white-background-color has-background\" style=\"grid-template-columns:26% auto\"><figure class=\"wp-block-media-text__media\"><img data-recalc-dims=\"1\" loading=\"lazy\" decoding=\"async\" width=\"525\" height=\"743\" data-attachment-id=\"2965\" data-permalink=\"https:\/\/polinno.art\/index.php\/micro-folie-polinno-atelier-raconte-le-silence\/mf-visuel-catalogue\/\" data-orig-file=\"https:\/\/i0.wp.com\/polinno.art\/wp-content\/uploads\/2023\/03\/MF-visuel-catalogue.png?fit=794%2C1123&amp;ssl=1\" data-orig-size=\"794,1123\" data-comments-opened=\"0\" data-image-meta=\"{&quot;aperture&quot;:&quot;0&quot;,&quot;credit&quot;:&quot;&quot;,&quot;camera&quot;:&quot;&quot;,&quot;caption&quot;:&quot;&quot;,&quot;created_timestamp&quot;:&quot;0&quot;,&quot;copyright&quot;:&quot;&quot;,&quot;focal_length&quot;:&quot;0&quot;,&quot;iso&quot;:&quot;0&quot;,&quot;shutter_speed&quot;:&quot;0&quot;,&quot;title&quot;:&quot;&quot;,&quot;orientation&quot;:&quot;0&quot;}\" data-image-title=\"MF-visuel-catalogue\" data-image-description=\"\" data-image-caption=\"\" data-large-file=\"https:\/\/i0.wp.com\/polinno.art\/wp-content\/uploads\/2023\/03\/MF-visuel-catalogue.png?fit=525%2C743&amp;ssl=1\" src=\"https:\/\/i0.wp.com\/polinno.art\/wp-content\/uploads\/2023\/03\/MF-visuel-catalogue.png?resize=525%2C743&#038;ssl=1\" alt=\"\" class=\"wp-image-2965 size-full\" srcset=\"https:\/\/i0.wp.com\/polinno.art\/wp-content\/uploads\/2023\/03\/MF-visuel-catalogue.png?resize=724%2C1024&amp;ssl=1 724w, https:\/\/i0.wp.com\/polinno.art\/wp-content\/uploads\/2023\/03\/MF-visuel-catalogue.png?resize=212%2C300&amp;ssl=1 212w, https:\/\/i0.wp.com\/polinno.art\/wp-content\/uploads\/2023\/03\/MF-visuel-catalogue.png?resize=768%2C1086&amp;ssl=1 768w, https:\/\/i0.wp.com\/polinno.art\/wp-content\/uploads\/2023\/03\/MF-visuel-catalogue.png?w=794&amp;ssl=1 794w\" sizes=\"auto, (max-width: 525px) 100vw, 525px\" \/><\/figure><div class=\"wp-block-media-text__content\">\n<div class=\"wp-block-group\" style=\"padding-top:2em;padding-right:2em;padding-bottom:2em;padding-left:2em\"><div class=\"wp-block-group__inner-container is-layout-flow wp-block-group-is-layout-flow\">\n<p class=\"has-text-align-center has-text-color\" style=\"color:#df0034;font-size:36px;line-height:1.2\"><strong>RACONTE LE SILENCE<\/strong><\/p>\n\n\n\n<p class=\"has-text-align-center has-text-color has-extra-small-font-size\" style=\"color:#df0024\">A partir de 8 ans<\/p>\n\n\n\n<p class=\"has-text-align-center has-text-color\" style=\"color:#df0024\">De 4 \u00e0 15 personnes<\/p>\n\n\n\n<p class=\"has-text-align-center has-text-color\" style=\"color:#df0024\">Dur\u00e9e : 3h<\/p>\n<\/div><\/div>\n<\/div><\/div>\n\n\n\n<div class=\"wp-block-media-text alignwide has-media-on-the-right is-stacked-on-mobile is-vertically-aligned-center has-background\" style=\"background-color:#dfbb00;grid-template-columns:auto 34%\"><div class=\"wp-block-media-text__content\">\n<div class=\"wp-block-group\" style=\"padding-top:2em;padding-right:2em;padding-bottom:2em;padding-left:2em\"><div class=\"wp-block-group__inner-container is-layout-flow wp-block-group-is-layout-flow\">\n<p class=\"has-white-color has-text-color has-medium-font-size\" style=\"line-height:1.2\">DESCRIPTIF<\/p>\n\n\n\n<p class=\"has-small-font-size\">Puisque nous ne pouvons pas les fermer, ouvrons grand nos oreilles et \u00e9coutons le silence\u2026<br>D&rsquo;un film, d&rsquo;un tableau, d&rsquo;une planche de BD\u2026.<br>Identifions et r\u00e9pertorions les diff\u00e9rents sons que nous \u00e9voque l&rsquo;image puis, en utilisant notre voix, notre corps ou des objets cr\u00e9ons et enregistrons ambiances sonores et dialogues. Un petit peu de th\u00e9orie mais surtout de la pratique pour aborder, en s&rsquo;amusant, la cr\u00e9ation sonore.<br>D\u00e9couvrons la puissance narrative et expressive du son!<\/p>\n<\/div><\/div>\n<\/div><figure class=\"wp-block-media-text__media\"><img data-recalc-dims=\"1\" loading=\"lazy\" decoding=\"async\" width=\"525\" height=\"743\" data-attachment-id=\"2912\" data-permalink=\"https:\/\/polinno.art\/index.php\/micro-folie-polinno\/ne-pas-ouvrir-m-f-polinno-dossier-2\/\" data-orig-file=\"https:\/\/i0.wp.com\/polinno.art\/wp-content\/uploads\/2023\/03\/NE-PAS-OUVRIR-M-F-Polinno-DOSSIER-2.png?fit=794%2C1123&amp;ssl=1\" data-orig-size=\"794,1123\" data-comments-opened=\"0\" data-image-meta=\"{&quot;aperture&quot;:&quot;0&quot;,&quot;credit&quot;:&quot;&quot;,&quot;camera&quot;:&quot;&quot;,&quot;caption&quot;:&quot;&quot;,&quot;created_timestamp&quot;:&quot;0&quot;,&quot;copyright&quot;:&quot;&quot;,&quot;focal_length&quot;:&quot;0&quot;,&quot;iso&quot;:&quot;0&quot;,&quot;shutter_speed&quot;:&quot;0&quot;,&quot;title&quot;:&quot;&quot;,&quot;orientation&quot;:&quot;0&quot;}\" data-image-title=\"NE-PAS-OUVRIR-M-F-Polinno-DOSSIER-2\" data-image-description=\"\" data-image-caption=\"\" data-large-file=\"https:\/\/i0.wp.com\/polinno.art\/wp-content\/uploads\/2023\/03\/NE-PAS-OUVRIR-M-F-Polinno-DOSSIER-2.png?fit=525%2C743&amp;ssl=1\" src=\"https:\/\/i0.wp.com\/polinno.art\/wp-content\/uploads\/2023\/03\/NE-PAS-OUVRIR-M-F-Polinno-DOSSIER-2.png?resize=525%2C743&#038;ssl=1\" alt=\"\" class=\"wp-image-2912 size-full\" srcset=\"https:\/\/i0.wp.com\/polinno.art\/wp-content\/uploads\/2023\/03\/NE-PAS-OUVRIR-M-F-Polinno-DOSSIER-2.png?resize=724%2C1024&amp;ssl=1 724w, https:\/\/i0.wp.com\/polinno.art\/wp-content\/uploads\/2023\/03\/NE-PAS-OUVRIR-M-F-Polinno-DOSSIER-2.png?resize=212%2C300&amp;ssl=1 212w, https:\/\/i0.wp.com\/polinno.art\/wp-content\/uploads\/2023\/03\/NE-PAS-OUVRIR-M-F-Polinno-DOSSIER-2.png?resize=768%2C1086&amp;ssl=1 768w, https:\/\/i0.wp.com\/polinno.art\/wp-content\/uploads\/2023\/03\/NE-PAS-OUVRIR-M-F-Polinno-DOSSIER-2.png?w=794&amp;ssl=1 794w\" sizes=\"auto, (max-width: 525px) 100vw, 525px\" \/><\/figure><\/div>\n\n\n\n<div class=\"wp-block-media-text alignwide is-stacked-on-mobile has-background\" style=\"background-color:#547dce\"><figure class=\"wp-block-media-text__media\"><img data-recalc-dims=\"1\" loading=\"lazy\" decoding=\"async\" width=\"525\" height=\"568\" data-attachment-id=\"2964\" data-permalink=\"https:\/\/polinno.art\/index.php\/micro-folie-polinno-atelier-raconte-le-silence\/carte4comcom-1\/\" data-orig-file=\"https:\/\/i0.wp.com\/polinno.art\/wp-content\/uploads\/2023\/03\/carte4comcom-1.png?fit=4208%2C4550&amp;ssl=1\" data-orig-size=\"4208,4550\" data-comments-opened=\"0\" data-image-meta=\"{&quot;aperture&quot;:&quot;0&quot;,&quot;credit&quot;:&quot;&quot;,&quot;camera&quot;:&quot;&quot;,&quot;caption&quot;:&quot;&quot;,&quot;created_timestamp&quot;:&quot;0&quot;,&quot;copyright&quot;:&quot;&quot;,&quot;focal_length&quot;:&quot;0&quot;,&quot;iso&quot;:&quot;0&quot;,&quot;shutter_speed&quot;:&quot;0&quot;,&quot;title&quot;:&quot;&quot;,&quot;orientation&quot;:&quot;0&quot;}\" data-image-title=\"carte4comcom-1\" data-image-description=\"\" data-image-caption=\"\" data-large-file=\"https:\/\/i0.wp.com\/polinno.art\/wp-content\/uploads\/2023\/03\/carte4comcom-1.png?fit=525%2C568&amp;ssl=1\" src=\"https:\/\/i0.wp.com\/polinno.art\/wp-content\/uploads\/2023\/03\/carte4comcom-1.png?resize=525%2C568&#038;ssl=1\" alt=\"\" class=\"wp-image-2964 size-full\" srcset=\"https:\/\/i0.wp.com\/polinno.art\/wp-content\/uploads\/2023\/03\/carte4comcom-1.png?resize=947%2C1024&amp;ssl=1 947w, https:\/\/i0.wp.com\/polinno.art\/wp-content\/uploads\/2023\/03\/carte4comcom-1.png?resize=277%2C300&amp;ssl=1 277w, https:\/\/i0.wp.com\/polinno.art\/wp-content\/uploads\/2023\/03\/carte4comcom-1.png?resize=768%2C830&amp;ssl=1 768w, https:\/\/i0.wp.com\/polinno.art\/wp-content\/uploads\/2023\/03\/carte4comcom-1.png?resize=1421%2C1536&amp;ssl=1 1421w, https:\/\/i0.wp.com\/polinno.art\/wp-content\/uploads\/2023\/03\/carte4comcom-1.png?resize=1894%2C2048&amp;ssl=1 1894w, https:\/\/i0.wp.com\/polinno.art\/wp-content\/uploads\/2023\/03\/carte4comcom-1.png?w=1050&amp;ssl=1 1050w, https:\/\/i0.wp.com\/polinno.art\/wp-content\/uploads\/2023\/03\/carte4comcom-1.png?w=1575&amp;ssl=1 1575w\" sizes=\"auto, (max-width: 706px) 89vw, (max-width: 767px) 82vw, 740px\" \/><\/figure><div class=\"wp-block-media-text__content\">\n<div class=\"wp-block-group\" style=\"padding-top:2em;padding-right:2em;padding-bottom:2em;padding-left:2em\"><div class=\"wp-block-group__inner-container is-layout-flow wp-block-group-is-layout-flow\">\n<p class=\"has-white-color has-text-color has-medium-font-size\" style=\"line-height:1.2\">OBJECTIFS<\/p>\n\n\n\n<p class=\"has-small-font-size\">Passer d&rsquo;une \u00e9coute passive \u00e0 une \u00e9coute active<\/p>\n\n\n\n<p class=\"has-small-font-size\">Explorer les rapports entre le son et l&rsquo;image et structurer une narration<\/p>\n\n\n\n<p class=\"has-small-font-size\">D\u00e9couvrir les possibilit\u00e9s expressives et narratives du son<\/p>\n\n\n\n<p class=\"has-small-font-size\">Conna\u00eetre les difficult\u00e9s techniques li\u00e9es \u00e0 la prise de sons<\/p>\n\n\n\n<p class=\"has-small-font-size\">Imaginer, cr\u00e9er, collaborer, se coordonner et s&rsquo;\u00e9couter<\/p>\n\n\n\n<p class=\"has-small-font-size\">S&rsquo;amuser !<\/p>\n<\/div><\/div>\n<\/div><\/div>\n","protected":false},"excerpt":{"rendered":"","protected":false},"author":5,"featured_media":0,"parent":0,"menu_order":0,"comment_status":"closed","ping_status":"closed","template":"","meta":{"footnotes":""},"class_list":["post-2961","page","type-page","status-publish","hentry"],"yoast_head":"<!-- This site is optimized with the Yoast SEO plugin v27.4 - https:\/\/yoast.com\/product\/yoast-seo-wordpress\/ -->\n<title>Micro-Folie Polinno : Atelier &quot;Raconte le silence&quot; - Polinno<\/title>\n<meta name=\"robots\" content=\"index, follow, max-snippet:-1, max-image-preview:large, max-video-preview:-1\" \/>\n<link rel=\"canonical\" href=\"https:\/\/polinno.art\/index.php\/micro-folie-polinno-atelier-raconte-le-silence\/\" \/>\n<meta property=\"og:locale\" content=\"fr_FR\" \/>\n<meta property=\"og:type\" content=\"article\" \/>\n<meta property=\"og:title\" content=\"Micro-Folie Polinno : Atelier &quot;Raconte le silence&quot; - Polinno\" \/>\n<meta property=\"og:url\" content=\"https:\/\/polinno.art\/index.php\/micro-folie-polinno-atelier-raconte-le-silence\/\" \/>\n<meta property=\"og:site_name\" content=\"Polinno\" \/>\n<meta property=\"article:modified_time\" content=\"2023-03-17T13:14:55+00:00\" \/>\n<meta property=\"og:image\" content=\"http:\/\/polinno.art\/wp-content\/uploads\/2023\/03\/MF-visuel-catalogue-724x1024.png\" \/>\n<meta name=\"twitter:card\" content=\"summary_large_image\" \/>\n<meta name=\"twitter:label1\" content=\"Dur\u00e9e de lecture estim\u00e9e\" \/>\n\t<meta name=\"twitter:data1\" content=\"2 minutes\" \/>\n<script type=\"application\/ld+json\" class=\"yoast-schema-graph\">{\"@context\":\"https:\\\/\\\/schema.org\",\"@graph\":[{\"@type\":\"WebPage\",\"@id\":\"https:\\\/\\\/polinno.art\\\/index.php\\\/micro-folie-polinno-atelier-raconte-le-silence\\\/\",\"url\":\"https:\\\/\\\/polinno.art\\\/index.php\\\/micro-folie-polinno-atelier-raconte-le-silence\\\/\",\"name\":\"Micro-Folie Polinno : Atelier \\\"Raconte le silence\\\" - Polinno\",\"isPartOf\":{\"@id\":\"https:\\\/\\\/polinno.art\\\/#website\"},\"primaryImageOfPage\":{\"@id\":\"https:\\\/\\\/polinno.art\\\/index.php\\\/micro-folie-polinno-atelier-raconte-le-silence\\\/#primaryimage\"},\"image\":{\"@id\":\"https:\\\/\\\/polinno.art\\\/index.php\\\/micro-folie-polinno-atelier-raconte-le-silence\\\/#primaryimage\"},\"thumbnailUrl\":\"http:\\\/\\\/polinno.art\\\/wp-content\\\/uploads\\\/2023\\\/03\\\/MF-visuel-catalogue-724x1024.png\",\"datePublished\":\"2023-03-17T13:14:54+00:00\",\"dateModified\":\"2023-03-17T13:14:55+00:00\",\"breadcrumb\":{\"@id\":\"https:\\\/\\\/polinno.art\\\/index.php\\\/micro-folie-polinno-atelier-raconte-le-silence\\\/#breadcrumb\"},\"inLanguage\":\"fr-FR\",\"potentialAction\":[{\"@type\":\"ReadAction\",\"target\":[\"https:\\\/\\\/polinno.art\\\/index.php\\\/micro-folie-polinno-atelier-raconte-le-silence\\\/\"]}]},{\"@type\":\"ImageObject\",\"inLanguage\":\"fr-FR\",\"@id\":\"https:\\\/\\\/polinno.art\\\/index.php\\\/micro-folie-polinno-atelier-raconte-le-silence\\\/#primaryimage\",\"url\":\"http:\\\/\\\/polinno.art\\\/wp-content\\\/uploads\\\/2023\\\/03\\\/MF-visuel-catalogue-724x1024.png\",\"contentUrl\":\"http:\\\/\\\/polinno.art\\\/wp-content\\\/uploads\\\/2023\\\/03\\\/MF-visuel-catalogue-724x1024.png\"},{\"@type\":\"BreadcrumbList\",\"@id\":\"https:\\\/\\\/polinno.art\\\/index.php\\\/micro-folie-polinno-atelier-raconte-le-silence\\\/#breadcrumb\",\"itemListElement\":[{\"@type\":\"ListItem\",\"position\":1,\"name\":\"Accueil\",\"item\":\"https:\\\/\\\/polinno.art\\\/\"},{\"@type\":\"ListItem\",\"position\":2,\"name\":\"Micro-Folie Polinno : Atelier \u00ab\u00a0Raconte le silence\u00a0\u00bb\"}]},{\"@type\":\"WebSite\",\"@id\":\"https:\\\/\\\/polinno.art\\\/#website\",\"url\":\"https:\\\/\\\/polinno.art\\\/\",\"name\":\"polinno.art\",\"description\":\"P\u00f4le d&#039;innovation des m\u00e9tiers d&#039;art\",\"publisher\":{\"@id\":\"https:\\\/\\\/polinno.art\\\/#organization\"},\"potentialAction\":[{\"@type\":\"SearchAction\",\"target\":{\"@type\":\"EntryPoint\",\"urlTemplate\":\"https:\\\/\\\/polinno.art\\\/?s={search_term_string}\"},\"query-input\":{\"@type\":\"PropertyValueSpecification\",\"valueRequired\":true,\"valueName\":\"search_term_string\"}}],\"inLanguage\":\"fr-FR\"},{\"@type\":\"Organization\",\"@id\":\"https:\\\/\\\/polinno.art\\\/#organization\",\"name\":\"polinno.art\",\"url\":\"https:\\\/\\\/polinno.art\\\/\",\"logo\":{\"@type\":\"ImageObject\",\"inLanguage\":\"fr-FR\",\"@id\":\"https:\\\/\\\/polinno.art\\\/#\\\/schema\\\/logo\\\/image\\\/\",\"url\":\"https:\\\/\\\/i0.wp.com\\\/polinno.art\\\/wp-content\\\/uploads\\\/2019\\\/07\\\/polinno_logo.png?fit=442%2C482\",\"contentUrl\":\"https:\\\/\\\/i0.wp.com\\\/polinno.art\\\/wp-content\\\/uploads\\\/2019\\\/07\\\/polinno_logo.png?fit=442%2C482\",\"width\":442,\"height\":482,\"caption\":\"polinno.art\"},\"image\":{\"@id\":\"https:\\\/\\\/polinno.art\\\/#\\\/schema\\\/logo\\\/image\\\/\"}}]}<\/script>\n<!-- \/ Yoast SEO plugin. -->","yoast_head_json":{"title":"Micro-Folie Polinno : Atelier \"Raconte le silence\" - Polinno","robots":{"index":"index","follow":"follow","max-snippet":"max-snippet:-1","max-image-preview":"max-image-preview:large","max-video-preview":"max-video-preview:-1"},"canonical":"https:\/\/polinno.art\/index.php\/micro-folie-polinno-atelier-raconte-le-silence\/","og_locale":"fr_FR","og_type":"article","og_title":"Micro-Folie Polinno : Atelier \"Raconte le silence\" - Polinno","og_url":"https:\/\/polinno.art\/index.php\/micro-folie-polinno-atelier-raconte-le-silence\/","og_site_name":"Polinno","article_modified_time":"2023-03-17T13:14:55+00:00","og_image":[{"url":"http:\/\/polinno.art\/wp-content\/uploads\/2023\/03\/MF-visuel-catalogue-724x1024.png","type":"","width":"","height":""}],"twitter_card":"summary_large_image","twitter_misc":{"Dur\u00e9e de lecture estim\u00e9e":"2 minutes"},"schema":{"@context":"https:\/\/schema.org","@graph":[{"@type":"WebPage","@id":"https:\/\/polinno.art\/index.php\/micro-folie-polinno-atelier-raconte-le-silence\/","url":"https:\/\/polinno.art\/index.php\/micro-folie-polinno-atelier-raconte-le-silence\/","name":"Micro-Folie Polinno : Atelier \"Raconte le silence\" - Polinno","isPartOf":{"@id":"https:\/\/polinno.art\/#website"},"primaryImageOfPage":{"@id":"https:\/\/polinno.art\/index.php\/micro-folie-polinno-atelier-raconte-le-silence\/#primaryimage"},"image":{"@id":"https:\/\/polinno.art\/index.php\/micro-folie-polinno-atelier-raconte-le-silence\/#primaryimage"},"thumbnailUrl":"http:\/\/polinno.art\/wp-content\/uploads\/2023\/03\/MF-visuel-catalogue-724x1024.png","datePublished":"2023-03-17T13:14:54+00:00","dateModified":"2023-03-17T13:14:55+00:00","breadcrumb":{"@id":"https:\/\/polinno.art\/index.php\/micro-folie-polinno-atelier-raconte-le-silence\/#breadcrumb"},"inLanguage":"fr-FR","potentialAction":[{"@type":"ReadAction","target":["https:\/\/polinno.art\/index.php\/micro-folie-polinno-atelier-raconte-le-silence\/"]}]},{"@type":"ImageObject","inLanguage":"fr-FR","@id":"https:\/\/polinno.art\/index.php\/micro-folie-polinno-atelier-raconte-le-silence\/#primaryimage","url":"http:\/\/polinno.art\/wp-content\/uploads\/2023\/03\/MF-visuel-catalogue-724x1024.png","contentUrl":"http:\/\/polinno.art\/wp-content\/uploads\/2023\/03\/MF-visuel-catalogue-724x1024.png"},{"@type":"BreadcrumbList","@id":"https:\/\/polinno.art\/index.php\/micro-folie-polinno-atelier-raconte-le-silence\/#breadcrumb","itemListElement":[{"@type":"ListItem","position":1,"name":"Accueil","item":"https:\/\/polinno.art\/"},{"@type":"ListItem","position":2,"name":"Micro-Folie Polinno : Atelier \u00ab\u00a0Raconte le silence\u00a0\u00bb"}]},{"@type":"WebSite","@id":"https:\/\/polinno.art\/#website","url":"https:\/\/polinno.art\/","name":"polinno.art","description":"P\u00f4le d&#039;innovation des m\u00e9tiers d&#039;art","publisher":{"@id":"https:\/\/polinno.art\/#organization"},"potentialAction":[{"@type":"SearchAction","target":{"@type":"EntryPoint","urlTemplate":"https:\/\/polinno.art\/?s={search_term_string}"},"query-input":{"@type":"PropertyValueSpecification","valueRequired":true,"valueName":"search_term_string"}}],"inLanguage":"fr-FR"},{"@type":"Organization","@id":"https:\/\/polinno.art\/#organization","name":"polinno.art","url":"https:\/\/polinno.art\/","logo":{"@type":"ImageObject","inLanguage":"fr-FR","@id":"https:\/\/polinno.art\/#\/schema\/logo\/image\/","url":"https:\/\/i0.wp.com\/polinno.art\/wp-content\/uploads\/2019\/07\/polinno_logo.png?fit=442%2C482","contentUrl":"https:\/\/i0.wp.com\/polinno.art\/wp-content\/uploads\/2019\/07\/polinno_logo.png?fit=442%2C482","width":442,"height":482,"caption":"polinno.art"},"image":{"@id":"https:\/\/polinno.art\/#\/schema\/logo\/image\/"}}]}},"jetpack_sharing_enabled":true,"jetpack_shortlink":"https:\/\/wp.me\/PaWIIL-LL","jetpack_likes_enabled":true,"_links":{"self":[{"href":"https:\/\/polinno.art\/index.php\/wp-json\/wp\/v2\/pages\/2961","targetHints":{"allow":["GET"]}}],"collection":[{"href":"https:\/\/polinno.art\/index.php\/wp-json\/wp\/v2\/pages"}],"about":[{"href":"https:\/\/polinno.art\/index.php\/wp-json\/wp\/v2\/types\/page"}],"author":[{"embeddable":true,"href":"https:\/\/polinno.art\/index.php\/wp-json\/wp\/v2\/users\/5"}],"replies":[{"embeddable":true,"href":"https:\/\/polinno.art\/index.php\/wp-json\/wp\/v2\/comments?post=2961"}],"version-history":[{"count":6,"href":"https:\/\/polinno.art\/index.php\/wp-json\/wp\/v2\/pages\/2961\/revisions"}],"predecessor-version":[{"id":3024,"href":"https:\/\/polinno.art\/index.php\/wp-json\/wp\/v2\/pages\/2961\/revisions\/3024"}],"wp:attachment":[{"href":"https:\/\/polinno.art\/index.php\/wp-json\/wp\/v2\/media?parent=2961"}],"curies":[{"name":"wp","href":"https:\/\/api.w.org\/{rel}","templated":true}]}}