{"id":1154,"date":"2019-08-08T14:59:36","date_gmt":"2019-08-08T12:59:36","guid":{"rendered":"http:\/\/polinno.art\/?page_id=1154"},"modified":"2025-02-20T17:30:51","modified_gmt":"2025-02-20T16:30:51","slug":"le-fablab","status":"publish","type":"page","link":"https:\/\/polinno.art\/index.php\/le-fablab\/","title":{"rendered":"Polinno : Fablab"},"content":{"rendered":"\n<p>Pour concevoir, fabriquer et r\u00e9parer toutes sortes d\u2019objets, prototyper, trouver de nouveaux modes d\u2019expression ! Le Fablab du Polinno permet avant tout aux artistes et artisans d&rsquo;art de r\u00e9aliser des prototypes de nouvelles pi\u00e8ces, des \u00e9l\u00e9ments de d\u00e9cor, de sc\u00e9nographie, de packaging originaux et sur mesure avec des machines \u00e0 commande num\u00e9rique. <\/p>\n\n\n\n<p>Il est en outre ouvert \u00e0 tous les publics (scolaires, jeunes, familles, retrait\u00e9s, entreprises etc.) pour favoriser la d\u00e9couverte des m\u00e9tiers d\u2019art locaux et des outils num\u00e9riques.<\/p>\n\n\n\n<div style=\"height:20px\" aria-hidden=\"true\" class=\"wp-block-spacer\"><\/div>\n\n\n\n<div class=\"wp-block-columns has-4-columns is-layout-flex wp-container-core-columns-is-layout-9d6595d7 wp-block-columns-is-layout-flex\">\n<div class=\"wp-block-column is-layout-flow wp-block-column-is-layout-flow\">\n<div class=\"overlay-image\">\n<a href=\"https:\/\/polinno.art\/index.php\/horaires-et-tarifs-du-fablab\/\">\n<img data-recalc-dims=\"1\" decoding=\"async\" class=\"image\" src=\"https:\/\/i0.wp.com\/polinno.art\/wp-content\/uploads\/2019\/09\/menuFab21.png?w=525&#038;ssl=1\" alt=\"Fablab-Polinno\">\n<div class=\"normal\">\n<div class=\"text\">Horaires<br>Tarifs\n<\/div>\n\n<\/div>\n<div class=\"hover\">\n<div class=\"text\">Horaires<br>Tarifs<\/div>\n\n<\/div>\n<\/a><\/div>\n\n\n\n<div style=\"height:20px\" aria-hidden=\"true\" class=\"wp-block-spacer\"><\/div>\n\n\n\n<p><\/p>\n<\/div>\n\n\n\n<div class=\"wp-block-column is-layout-flow wp-block-column-is-layout-flow\">\n<div class=\"overlay-image\">\n<a href=\"https:\/\/polinno.art\/index.php\/equipement-du-fablab\/\">\n<img data-recalc-dims=\"1\" decoding=\"async\" class=\"image\" src=\"https:\/\/i0.wp.com\/polinno.art\/wp-content\/uploads\/2019\/09\/menuFab22.png?w=525&#038;ssl=1\" alt=\"Fablab-Polinno\">\n<div class=\"normal\">\n<div class=\"text\">\u00c9quipement<br>R\u00e9servation\n<\/div>\n\n<\/div>\n<div class=\"hover\">\n<div class=\"text\">\u00c9quipement<br>R\u00e9servation<\/div>\n\n<\/div>\n<\/a><\/div>\n\n\n\n<div style=\"height:34px\" aria-hidden=\"true\" class=\"wp-block-spacer\"><\/div>\n<\/div>\n\n\n\n<div class=\"wp-block-column is-layout-flow wp-block-column-is-layout-flow\">\n<div class=\"overlay-image\">\n<a href=\"https:\/\/polinno.art\/index.php\/formations-au-fablab\/\">\n<img data-recalc-dims=\"1\" decoding=\"async\" class=\"image\" src=\"https:\/\/i0.wp.com\/polinno.art\/wp-content\/uploads\/2019\/09\/menuFab23.png?w=525&#038;ssl=1\" alt=\"Fablab-Polinno\">\n<div class=\"normal\">\n<div class=\"text\">Formations\n<\/div>\n\n<\/div>\n<div class=\"hover\">\n<div class=\"text\">Formations<\/div>\n\n<\/div>\n<\/a><\/div>\n<\/div>\n\n\n\n<div class=\"wp-block-column is-layout-flow wp-block-column-is-layout-flow\">\n<div class=\"overlay-image\">\n\t<a href=\"http:\/\/wiki.polinno.art\/\" target=\"_blank\" rel=\"noopener noreferrer\">\n\t\t<img data-recalc-dims=\"1\" decoding=\"async\" class=\"image\" src=\"https:\/\/i0.wp.com\/polinno.art\/wp-content\/uploads\/2019\/09\/menuFab24.png?w=525&#038;ssl=1\" alt=\"WIKI_fablab\">\n\t<div class=\"normal\">\n\t<div class=\"text\">WIKI<br>(Ressources)<\/div>\n\t<\/div>\n<div class=\"hover\">\n<div class=\"text\">WIKI<br>(Ressources)<\/div>\n<\/div>\n<\/a><\/div>\n<\/div>\n<\/div>\n","protected":false},"excerpt":{"rendered":"<p>Pour concevoir, fabriquer et r\u00e9parer toutes sortes d\u2019objets, prototyper, trouver de nouveaux modes d\u2019expression ! Le Fablab du Polinno permet avant tout aux artistes et artisans d&rsquo;art de r\u00e9aliser des &hellip; <\/p>\n<p class=\"link-more\"><a href=\"https:\/\/polinno.art\/index.php\/le-fablab\/\" class=\"more-link\">Continuer la lecture<span class=\"screen-reader-text\"> de &laquo;&nbsp;Polinno : Fablab&nbsp;&raquo;<\/span><\/a><\/p>\n","protected":false},"author":3,"featured_media":0,"parent":0,"menu_order":0,"comment_status":"closed","ping_status":"closed","template":"","meta":{"footnotes":""},"class_list":["post-1154","page","type-page","status-publish","hentry"],"yoast_head":"<!-- This site is optimized with the Yoast SEO plugin v27.4 - https:\/\/yoast.com\/product\/yoast-seo-wordpress\/ -->\n<title>Polinno : Fablab - Polinno<\/title>\n<meta name=\"robots\" content=\"index, follow, max-snippet:-1, max-image-preview:large, max-video-preview:-1\" \/>\n<link rel=\"canonical\" href=\"https:\/\/polinno.art\/index.php\/le-fablab\/\" \/>\n<meta property=\"og:locale\" content=\"fr_FR\" \/>\n<meta property=\"og:type\" content=\"article\" \/>\n<meta property=\"og:title\" content=\"Polinno : Fablab - Polinno\" \/>\n<meta property=\"og:description\" content=\"Pour concevoir, fabriquer et r\u00e9parer toutes sortes d\u2019objets, prototyper, trouver de nouveaux modes d\u2019expression ! Le Fablab du Polinno permet avant tout aux artistes et artisans d&rsquo;art de r\u00e9aliser des &hellip; Continuer la lecture de &laquo;&nbsp;Polinno : Fablab&nbsp;&raquo;\" \/>\n<meta property=\"og:url\" content=\"https:\/\/polinno.art\/index.php\/le-fablab\/\" \/>\n<meta property=\"og:site_name\" content=\"Polinno\" \/>\n<meta property=\"article:modified_time\" content=\"2025-02-20T16:30:51+00:00\" \/>\n<meta property=\"og:image\" content=\"http:\/\/polinno.art\/wp-content\/uploads\/2019\/09\/menuFab21.png\" \/>\n<meta name=\"twitter:card\" content=\"summary_large_image\" \/>\n<meta name=\"twitter:label1\" content=\"Dur\u00e9e de lecture estim\u00e9e\" \/>\n\t<meta name=\"twitter:data1\" content=\"2 minutes\" \/>\n<script type=\"application\/ld+json\" class=\"yoast-schema-graph\">{\"@context\":\"https:\\\/\\\/schema.org\",\"@graph\":[{\"@type\":\"WebPage\",\"@id\":\"https:\\\/\\\/polinno.art\\\/index.php\\\/le-fablab\\\/\",\"url\":\"https:\\\/\\\/polinno.art\\\/index.php\\\/le-fablab\\\/\",\"name\":\"Polinno : Fablab - Polinno\",\"isPartOf\":{\"@id\":\"https:\\\/\\\/polinno.art\\\/#website\"},\"primaryImageOfPage\":{\"@id\":\"https:\\\/\\\/polinno.art\\\/index.php\\\/le-fablab\\\/#primaryimage\"},\"image\":{\"@id\":\"https:\\\/\\\/polinno.art\\\/index.php\\\/le-fablab\\\/#primaryimage\"},\"thumbnailUrl\":\"http:\\\/\\\/polinno.art\\\/wp-content\\\/uploads\\\/2019\\\/09\\\/menuFab21.png\",\"datePublished\":\"2019-08-08T12:59:36+00:00\",\"dateModified\":\"2025-02-20T16:30:51+00:00\",\"breadcrumb\":{\"@id\":\"https:\\\/\\\/polinno.art\\\/index.php\\\/le-fablab\\\/#breadcrumb\"},\"inLanguage\":\"fr-FR\",\"potentialAction\":[{\"@type\":\"ReadAction\",\"target\":[\"https:\\\/\\\/polinno.art\\\/index.php\\\/le-fablab\\\/\"]}]},{\"@type\":\"ImageObject\",\"inLanguage\":\"fr-FR\",\"@id\":\"https:\\\/\\\/polinno.art\\\/index.php\\\/le-fablab\\\/#primaryimage\",\"url\":\"http:\\\/\\\/polinno.art\\\/wp-content\\\/uploads\\\/2019\\\/09\\\/menuFab21.png\",\"contentUrl\":\"http:\\\/\\\/polinno.art\\\/wp-content\\\/uploads\\\/2019\\\/09\\\/menuFab21.png\"},{\"@type\":\"BreadcrumbList\",\"@id\":\"https:\\\/\\\/polinno.art\\\/index.php\\\/le-fablab\\\/#breadcrumb\",\"itemListElement\":[{\"@type\":\"ListItem\",\"position\":1,\"name\":\"Accueil\",\"item\":\"https:\\\/\\\/polinno.art\\\/\"},{\"@type\":\"ListItem\",\"position\":2,\"name\":\"Polinno : Fablab\"}]},{\"@type\":\"WebSite\",\"@id\":\"https:\\\/\\\/polinno.art\\\/#website\",\"url\":\"https:\\\/\\\/polinno.art\\\/\",\"name\":\"polinno.art\",\"description\":\"P\u00f4le d&#039;innovation des m\u00e9tiers d&#039;art\",\"publisher\":{\"@id\":\"https:\\\/\\\/polinno.art\\\/#organization\"},\"potentialAction\":[{\"@type\":\"SearchAction\",\"target\":{\"@type\":\"EntryPoint\",\"urlTemplate\":\"https:\\\/\\\/polinno.art\\\/?s={search_term_string}\"},\"query-input\":{\"@type\":\"PropertyValueSpecification\",\"valueRequired\":true,\"valueName\":\"search_term_string\"}}],\"inLanguage\":\"fr-FR\"},{\"@type\":\"Organization\",\"@id\":\"https:\\\/\\\/polinno.art\\\/#organization\",\"name\":\"polinno.art\",\"url\":\"https:\\\/\\\/polinno.art\\\/\",\"logo\":{\"@type\":\"ImageObject\",\"inLanguage\":\"fr-FR\",\"@id\":\"https:\\\/\\\/polinno.art\\\/#\\\/schema\\\/logo\\\/image\\\/\",\"url\":\"https:\\\/\\\/i0.wp.com\\\/polinno.art\\\/wp-content\\\/uploads\\\/2019\\\/07\\\/polinno_logo.png?fit=442%2C482\",\"contentUrl\":\"https:\\\/\\\/i0.wp.com\\\/polinno.art\\\/wp-content\\\/uploads\\\/2019\\\/07\\\/polinno_logo.png?fit=442%2C482\",\"width\":442,\"height\":482,\"caption\":\"polinno.art\"},\"image\":{\"@id\":\"https:\\\/\\\/polinno.art\\\/#\\\/schema\\\/logo\\\/image\\\/\"}}]}<\/script>\n<!-- \/ Yoast SEO plugin. -->","yoast_head_json":{"title":"Polinno : Fablab - Polinno","robots":{"index":"index","follow":"follow","max-snippet":"max-snippet:-1","max-image-preview":"max-image-preview:large","max-video-preview":"max-video-preview:-1"},"canonical":"https:\/\/polinno.art\/index.php\/le-fablab\/","og_locale":"fr_FR","og_type":"article","og_title":"Polinno : Fablab - Polinno","og_description":"Pour concevoir, fabriquer et r\u00e9parer toutes sortes d\u2019objets, prototyper, trouver de nouveaux modes d\u2019expression ! Le Fablab du Polinno permet avant tout aux artistes et artisans d&rsquo;art de r\u00e9aliser des &hellip; Continuer la lecture de &laquo;&nbsp;Polinno : Fablab&nbsp;&raquo;","og_url":"https:\/\/polinno.art\/index.php\/le-fablab\/","og_site_name":"Polinno","article_modified_time":"2025-02-20T16:30:51+00:00","og_image":[{"url":"http:\/\/polinno.art\/wp-content\/uploads\/2019\/09\/menuFab21.png","type":"","width":"","height":""}],"twitter_card":"summary_large_image","twitter_misc":{"Dur\u00e9e de lecture estim\u00e9e":"2 minutes"},"schema":{"@context":"https:\/\/schema.org","@graph":[{"@type":"WebPage","@id":"https:\/\/polinno.art\/index.php\/le-fablab\/","url":"https:\/\/polinno.art\/index.php\/le-fablab\/","name":"Polinno : Fablab - Polinno","isPartOf":{"@id":"https:\/\/polinno.art\/#website"},"primaryImageOfPage":{"@id":"https:\/\/polinno.art\/index.php\/le-fablab\/#primaryimage"},"image":{"@id":"https:\/\/polinno.art\/index.php\/le-fablab\/#primaryimage"},"thumbnailUrl":"http:\/\/polinno.art\/wp-content\/uploads\/2019\/09\/menuFab21.png","datePublished":"2019-08-08T12:59:36+00:00","dateModified":"2025-02-20T16:30:51+00:00","breadcrumb":{"@id":"https:\/\/polinno.art\/index.php\/le-fablab\/#breadcrumb"},"inLanguage":"fr-FR","potentialAction":[{"@type":"ReadAction","target":["https:\/\/polinno.art\/index.php\/le-fablab\/"]}]},{"@type":"ImageObject","inLanguage":"fr-FR","@id":"https:\/\/polinno.art\/index.php\/le-fablab\/#primaryimage","url":"http:\/\/polinno.art\/wp-content\/uploads\/2019\/09\/menuFab21.png","contentUrl":"http:\/\/polinno.art\/wp-content\/uploads\/2019\/09\/menuFab21.png"},{"@type":"BreadcrumbList","@id":"https:\/\/polinno.art\/index.php\/le-fablab\/#breadcrumb","itemListElement":[{"@type":"ListItem","position":1,"name":"Accueil","item":"https:\/\/polinno.art\/"},{"@type":"ListItem","position":2,"name":"Polinno : Fablab"}]},{"@type":"WebSite","@id":"https:\/\/polinno.art\/#website","url":"https:\/\/polinno.art\/","name":"polinno.art","description":"P\u00f4le d&#039;innovation des m\u00e9tiers d&#039;art","publisher":{"@id":"https:\/\/polinno.art\/#organization"},"potentialAction":[{"@type":"SearchAction","target":{"@type":"EntryPoint","urlTemplate":"https:\/\/polinno.art\/?s={search_term_string}"},"query-input":{"@type":"PropertyValueSpecification","valueRequired":true,"valueName":"search_term_string"}}],"inLanguage":"fr-FR"},{"@type":"Organization","@id":"https:\/\/polinno.art\/#organization","name":"polinno.art","url":"https:\/\/polinno.art\/","logo":{"@type":"ImageObject","inLanguage":"fr-FR","@id":"https:\/\/polinno.art\/#\/schema\/logo\/image\/","url":"https:\/\/i0.wp.com\/polinno.art\/wp-content\/uploads\/2019\/07\/polinno_logo.png?fit=442%2C482","contentUrl":"https:\/\/i0.wp.com\/polinno.art\/wp-content\/uploads\/2019\/07\/polinno_logo.png?fit=442%2C482","width":442,"height":482,"caption":"polinno.art"},"image":{"@id":"https:\/\/polinno.art\/#\/schema\/logo\/image\/"}}]}},"jetpack_sharing_enabled":true,"jetpack_shortlink":"https:\/\/wp.me\/PaWIIL-iC","jetpack_likes_enabled":true,"_links":{"self":[{"href":"https:\/\/polinno.art\/index.php\/wp-json\/wp\/v2\/pages\/1154","targetHints":{"allow":["GET"]}}],"collection":[{"href":"https:\/\/polinno.art\/index.php\/wp-json\/wp\/v2\/pages"}],"about":[{"href":"https:\/\/polinno.art\/index.php\/wp-json\/wp\/v2\/types\/page"}],"author":[{"embeddable":true,"href":"https:\/\/polinno.art\/index.php\/wp-json\/wp\/v2\/users\/3"}],"replies":[{"embeddable":true,"href":"https:\/\/polinno.art\/index.php\/wp-json\/wp\/v2\/comments?post=1154"}],"version-history":[{"count":81,"href":"https:\/\/polinno.art\/index.php\/wp-json\/wp\/v2\/pages\/1154\/revisions"}],"predecessor-version":[{"id":3438,"href":"https:\/\/polinno.art\/index.php\/wp-json\/wp\/v2\/pages\/1154\/revisions\/3438"}],"wp:attachment":[{"href":"https:\/\/polinno.art\/index.php\/wp-json\/wp\/v2\/media?parent=1154"}],"curies":[{"name":"wp","href":"https:\/\/api.w.org\/{rel}","templated":true}]}}