{"id":1145,"date":"2019-08-08T12:11:23","date_gmt":"2019-08-08T10:11:23","guid":{"rendered":"http:\/\/polinno.art\/?page_id=1145"},"modified":"2024-10-09T14:00:07","modified_gmt":"2024-10-09T12:00:07","slug":"horaires-et-tarifs-du-fablab","status":"publish","type":"page","link":"https:\/\/polinno.art\/index.php\/horaires-et-tarifs-du-fablab\/","title":{"rendered":"Horaires et tarifs du Fablab"},"content":{"rendered":"\n<p><strong>Horaires d&rsquo;ouverture du Fablab : <\/strong><\/p>\n\n\n<figure class=\"wp-block-table\">\n<table class=\"has-fixed-layout\">\n<thead>\n<tr>\n<th>Fablab \u00ab\u00a0ouvert\u00a0\u00bb grand public<\/th>\n<th>Sans rendez-vous<\/th>\n<\/tr>\n<\/thead>\n<tbody>\n<tr>\n<td>\n<p>Les samedis des <b>semaines paires&#8212;&#8212;&#8212;&#8212;-<\/b><\/p>\n<p>Les jeudis <strong>soirs &#8212;&#8212;&#8212;&#8212;&#8212;&#8212;&#8212;&#8212;&#8212;&#8212;&#8212;-<\/strong><\/p>\n<\/td>\n<td><b>de 10h30 \u00e0 12H30 :<\/b><br \/>Accueil tout public<br \/><b>de 18h00 \u00e0 20h00 :<\/b><br \/>Utilisateurs autonomes<\/td>\n<\/tr>\n<\/tbody>\n<\/table>\n<\/figure>\n\n\n<figure class=\"wp-block-table\"><table class=\"has-fixed-layout\"><thead><tr><th>Formations machines<\/th><th>Sur rendez-vous<\/th><\/tr><\/thead><tbody><tr><td>Les lundis et jeudis<\/td><td>de 14h00 \u00e0 17h30<\/td><\/tr><\/tbody><\/table><\/figure>\n\n\n\n<figure class=\"wp-block-table\"><table class=\"has-fixed-layout\"><thead><tr><th>Utilisation des machines en autonomie<\/th><th>Sur rendez-vous<\/th><\/tr><\/thead><tbody><tr><td>Les lundis, mercredis, jeudis<\/td><td>de 9h30 \u00e0 12h00 et 14h00 \u00e0 17h30<\/td><\/tr><\/tbody><\/table><\/figure>\n\n\n\n<p><\/p>\n\n\n\n<p class=\"has-text-align-justify\">Vous pouvez r\u00e9server des \u00e9quipements du Fablab en cliquant sur le lien suivant : <a href=\"https:\/\/polinno.art\/index.php\/equipement-du-fablab\/\">\u00e9quipement et r\u00e9servation<\/a><\/p>\n\n\n\n<p class=\"has-text-align-justify\"><strong>Tarifs :<\/strong><br><br>Le Fablab propose une <a href=\"https:\/\/drive.google.com\/file\/d\/1k67b_qjTuR0ilP87k58alTsu04EM3lvw\/view?usp=sharing\">tarification<\/a> avantageuse pour chaque profil d&rsquo;utilisateur. <br>Int\u00e9gr\u00e9 au c\u0153ur du Polinno, il offre notamment un acc\u00e8s privil\u00e9gi\u00e9 aux professionnels des m\u00e9tiers d&rsquo;art, qui b\u00e9n\u00e9ficient \u00e0 ce titre d&rsquo;une grille de prix sp\u00e9cifique.<br><br><\/p>\n\n\n\n<figure class=\"wp-block-image size-full\"><a href=\"https:\/\/drive.google.com\/file\/d\/1k67b_qjTuR0ilP87k58alTsu04EM3lvw\/view?usp=sharing\"><img data-recalc-dims=\"1\" loading=\"lazy\" decoding=\"async\" width=\"283\" height=\"290\" data-attachment-id=\"3334\" data-permalink=\"https:\/\/polinno.art\/index.php\/horaires-et-tarifs-du-fablab\/grille-1-2\/\" data-orig-file=\"https:\/\/i0.wp.com\/polinno.art\/wp-content\/uploads\/2024\/10\/GRILLE-1.jpg?fit=283%2C290&amp;ssl=1\" data-orig-size=\"283,290\" data-comments-opened=\"0\" data-image-meta=\"{&quot;aperture&quot;:&quot;0&quot;,&quot;credit&quot;:&quot;&quot;,&quot;camera&quot;:&quot;&quot;,&quot;caption&quot;:&quot;GRILLE - 1&quot;,&quot;created_timestamp&quot;:&quot;0&quot;,&quot;copyright&quot;:&quot;&quot;,&quot;focal_length&quot;:&quot;0&quot;,&quot;iso&quot;:&quot;0&quot;,&quot;shutter_speed&quot;:&quot;0&quot;,&quot;title&quot;:&quot;GRILLE - 1&quot;,&quot;orientation&quot;:&quot;0&quot;}\" data-image-title=\"GRILLE &amp;#8211; 1\" data-image-description=\"\" data-image-caption=\"&lt;p&gt;GRILLE &amp;#8211; 1&lt;\/p&gt;\n\" data-large-file=\"https:\/\/i0.wp.com\/polinno.art\/wp-content\/uploads\/2024\/10\/GRILLE-1.jpg?fit=283%2C290&amp;ssl=1\" src=\"https:\/\/i0.wp.com\/polinno.art\/wp-content\/uploads\/2024\/10\/GRILLE-1.jpg?resize=283%2C290&#038;ssl=1\" alt=\"\" class=\"wp-image-3334\"\/><\/a><figcaption class=\"wp-element-caption\">GRILLE &#8211; 1<\/figcaption><\/figure>\n\n\n\n<p class=\"has-text-align-justify\"><a href=\"https:\/\/polinno.art\/index.php\/contact\/\">Contacter le Polinno<\/a><\/p>\n\n\n\n<div style=\"height:20px\" aria-hidden=\"true\" class=\"wp-block-spacer\"><\/div>\n","protected":false},"excerpt":{"rendered":"<p>Horaires d&rsquo;ouverture du Fablab : Fablab \u00ab\u00a0ouvert\u00a0\u00bb grand public Sans rendez-vous Les samedis des semaines paires&#8212;&#8212;&#8212;&#8212;- Les jeudis soirs &#8212;&#8212;&#8212;&#8212;&#8212;&#8212;&#8212;&#8212;&#8212;&#8212;&#8212;- de 10h30 \u00e0 12H30 :Accueil tout publicde 18h00 \u00e0 20h00 &hellip; <\/p>\n<p class=\"link-more\"><a href=\"https:\/\/polinno.art\/index.php\/horaires-et-tarifs-du-fablab\/\" class=\"more-link\">Continuer la lecture<span class=\"screen-reader-text\"> de &laquo;&nbsp;Horaires et tarifs du Fablab&nbsp;&raquo;<\/span><\/a><\/p>\n","protected":false},"author":3,"featured_media":0,"parent":0,"menu_order":0,"comment_status":"closed","ping_status":"closed","template":"","meta":{"footnotes":""},"class_list":["post-1145","page","type-page","status-publish","hentry"],"yoast_head":"<!-- This site is optimized with the Yoast SEO plugin v27.4 - https:\/\/yoast.com\/product\/yoast-seo-wordpress\/ -->\n<title>Horaires et tarifs du Fablab - Polinno<\/title>\n<meta name=\"robots\" content=\"index, follow, max-snippet:-1, max-image-preview:large, max-video-preview:-1\" \/>\n<link rel=\"canonical\" href=\"https:\/\/polinno.art\/index.php\/horaires-et-tarifs-du-fablab\/\" \/>\n<meta property=\"og:locale\" content=\"fr_FR\" \/>\n<meta property=\"og:type\" content=\"article\" \/>\n<meta property=\"og:title\" content=\"Horaires et tarifs du Fablab - Polinno\" \/>\n<meta property=\"og:description\" content=\"Horaires d&rsquo;ouverture du Fablab : Fablab \u00ab\u00a0ouvert\u00a0\u00bb grand public Sans rendez-vous Les samedis des semaines paires&#8212;&#8212;&#8212;&#8212;- Les jeudis soirs &#8212;&#8212;&#8212;&#8212;&#8212;&#8212;&#8212;&#8212;&#8212;&#8212;&#8212;- de 10h30 \u00e0 12H30 :Accueil tout publicde 18h00 \u00e0 20h00 &hellip; Continuer la lecture de &laquo;&nbsp;Horaires et tarifs du Fablab&nbsp;&raquo;\" \/>\n<meta property=\"og:url\" content=\"https:\/\/polinno.art\/index.php\/horaires-et-tarifs-du-fablab\/\" \/>\n<meta property=\"og:site_name\" content=\"Polinno\" \/>\n<meta property=\"article:modified_time\" content=\"2024-10-09T12:00:07+00:00\" \/>\n<meta property=\"og:image\" content=\"http:\/\/polinno.art\/wp-content\/uploads\/2024\/10\/GRILLE-1.jpg\" \/>\n<meta name=\"twitter:card\" content=\"summary_large_image\" \/>\n<meta name=\"twitter:label1\" content=\"Dur\u00e9e de lecture estim\u00e9e\" \/>\n\t<meta name=\"twitter:data1\" content=\"1 minute\" \/>\n<script type=\"application\/ld+json\" class=\"yoast-schema-graph\">{\"@context\":\"https:\\\/\\\/schema.org\",\"@graph\":[{\"@type\":\"WebPage\",\"@id\":\"https:\\\/\\\/polinno.art\\\/index.php\\\/horaires-et-tarifs-du-fablab\\\/\",\"url\":\"https:\\\/\\\/polinno.art\\\/index.php\\\/horaires-et-tarifs-du-fablab\\\/\",\"name\":\"Horaires et tarifs du Fablab - Polinno\",\"isPartOf\":{\"@id\":\"https:\\\/\\\/polinno.art\\\/#website\"},\"primaryImageOfPage\":{\"@id\":\"https:\\\/\\\/polinno.art\\\/index.php\\\/horaires-et-tarifs-du-fablab\\\/#primaryimage\"},\"image\":{\"@id\":\"https:\\\/\\\/polinno.art\\\/index.php\\\/horaires-et-tarifs-du-fablab\\\/#primaryimage\"},\"thumbnailUrl\":\"http:\\\/\\\/polinno.art\\\/wp-content\\\/uploads\\\/2024\\\/10\\\/GRILLE-1.jpg\",\"datePublished\":\"2019-08-08T10:11:23+00:00\",\"dateModified\":\"2024-10-09T12:00:07+00:00\",\"breadcrumb\":{\"@id\":\"https:\\\/\\\/polinno.art\\\/index.php\\\/horaires-et-tarifs-du-fablab\\\/#breadcrumb\"},\"inLanguage\":\"fr-FR\",\"potentialAction\":[{\"@type\":\"ReadAction\",\"target\":[\"https:\\\/\\\/polinno.art\\\/index.php\\\/horaires-et-tarifs-du-fablab\\\/\"]}]},{\"@type\":\"ImageObject\",\"inLanguage\":\"fr-FR\",\"@id\":\"https:\\\/\\\/polinno.art\\\/index.php\\\/horaires-et-tarifs-du-fablab\\\/#primaryimage\",\"url\":\"http:\\\/\\\/polinno.art\\\/wp-content\\\/uploads\\\/2024\\\/10\\\/GRILLE-1.jpg\",\"contentUrl\":\"http:\\\/\\\/polinno.art\\\/wp-content\\\/uploads\\\/2024\\\/10\\\/GRILLE-1.jpg\"},{\"@type\":\"BreadcrumbList\",\"@id\":\"https:\\\/\\\/polinno.art\\\/index.php\\\/horaires-et-tarifs-du-fablab\\\/#breadcrumb\",\"itemListElement\":[{\"@type\":\"ListItem\",\"position\":1,\"name\":\"Accueil\",\"item\":\"https:\\\/\\\/polinno.art\\\/\"},{\"@type\":\"ListItem\",\"position\":2,\"name\":\"Horaires et tarifs du Fablab\"}]},{\"@type\":\"WebSite\",\"@id\":\"https:\\\/\\\/polinno.art\\\/#website\",\"url\":\"https:\\\/\\\/polinno.art\\\/\",\"name\":\"polinno.art\",\"description\":\"P\u00f4le d&#039;innovation des m\u00e9tiers d&#039;art\",\"publisher\":{\"@id\":\"https:\\\/\\\/polinno.art\\\/#organization\"},\"potentialAction\":[{\"@type\":\"SearchAction\",\"target\":{\"@type\":\"EntryPoint\",\"urlTemplate\":\"https:\\\/\\\/polinno.art\\\/?s={search_term_string}\"},\"query-input\":{\"@type\":\"PropertyValueSpecification\",\"valueRequired\":true,\"valueName\":\"search_term_string\"}}],\"inLanguage\":\"fr-FR\"},{\"@type\":\"Organization\",\"@id\":\"https:\\\/\\\/polinno.art\\\/#organization\",\"name\":\"polinno.art\",\"url\":\"https:\\\/\\\/polinno.art\\\/\",\"logo\":{\"@type\":\"ImageObject\",\"inLanguage\":\"fr-FR\",\"@id\":\"https:\\\/\\\/polinno.art\\\/#\\\/schema\\\/logo\\\/image\\\/\",\"url\":\"https:\\\/\\\/i0.wp.com\\\/polinno.art\\\/wp-content\\\/uploads\\\/2019\\\/07\\\/polinno_logo.png?fit=442%2C482\",\"contentUrl\":\"https:\\\/\\\/i0.wp.com\\\/polinno.art\\\/wp-content\\\/uploads\\\/2019\\\/07\\\/polinno_logo.png?fit=442%2C482\",\"width\":442,\"height\":482,\"caption\":\"polinno.art\"},\"image\":{\"@id\":\"https:\\\/\\\/polinno.art\\\/#\\\/schema\\\/logo\\\/image\\\/\"}}]}<\/script>\n<!-- \/ Yoast SEO plugin. -->","yoast_head_json":{"title":"Horaires et tarifs du Fablab - Polinno","robots":{"index":"index","follow":"follow","max-snippet":"max-snippet:-1","max-image-preview":"max-image-preview:large","max-video-preview":"max-video-preview:-1"},"canonical":"https:\/\/polinno.art\/index.php\/horaires-et-tarifs-du-fablab\/","og_locale":"fr_FR","og_type":"article","og_title":"Horaires et tarifs du Fablab - Polinno","og_description":"Horaires d&rsquo;ouverture du Fablab : Fablab \u00ab\u00a0ouvert\u00a0\u00bb grand public Sans rendez-vous Les samedis des semaines paires&#8212;&#8212;&#8212;&#8212;- Les jeudis soirs &#8212;&#8212;&#8212;&#8212;&#8212;&#8212;&#8212;&#8212;&#8212;&#8212;&#8212;- de 10h30 \u00e0 12H30 :Accueil tout publicde 18h00 \u00e0 20h00 &hellip; Continuer la lecture de &laquo;&nbsp;Horaires et tarifs du Fablab&nbsp;&raquo;","og_url":"https:\/\/polinno.art\/index.php\/horaires-et-tarifs-du-fablab\/","og_site_name":"Polinno","article_modified_time":"2024-10-09T12:00:07+00:00","og_image":[{"url":"http:\/\/polinno.art\/wp-content\/uploads\/2024\/10\/GRILLE-1.jpg","type":"","width":"","height":""}],"twitter_card":"summary_large_image","twitter_misc":{"Dur\u00e9e de lecture estim\u00e9e":"1 minute"},"schema":{"@context":"https:\/\/schema.org","@graph":[{"@type":"WebPage","@id":"https:\/\/polinno.art\/index.php\/horaires-et-tarifs-du-fablab\/","url":"https:\/\/polinno.art\/index.php\/horaires-et-tarifs-du-fablab\/","name":"Horaires et tarifs du Fablab - Polinno","isPartOf":{"@id":"https:\/\/polinno.art\/#website"},"primaryImageOfPage":{"@id":"https:\/\/polinno.art\/index.php\/horaires-et-tarifs-du-fablab\/#primaryimage"},"image":{"@id":"https:\/\/polinno.art\/index.php\/horaires-et-tarifs-du-fablab\/#primaryimage"},"thumbnailUrl":"http:\/\/polinno.art\/wp-content\/uploads\/2024\/10\/GRILLE-1.jpg","datePublished":"2019-08-08T10:11:23+00:00","dateModified":"2024-10-09T12:00:07+00:00","breadcrumb":{"@id":"https:\/\/polinno.art\/index.php\/horaires-et-tarifs-du-fablab\/#breadcrumb"},"inLanguage":"fr-FR","potentialAction":[{"@type":"ReadAction","target":["https:\/\/polinno.art\/index.php\/horaires-et-tarifs-du-fablab\/"]}]},{"@type":"ImageObject","inLanguage":"fr-FR","@id":"https:\/\/polinno.art\/index.php\/horaires-et-tarifs-du-fablab\/#primaryimage","url":"http:\/\/polinno.art\/wp-content\/uploads\/2024\/10\/GRILLE-1.jpg","contentUrl":"http:\/\/polinno.art\/wp-content\/uploads\/2024\/10\/GRILLE-1.jpg"},{"@type":"BreadcrumbList","@id":"https:\/\/polinno.art\/index.php\/horaires-et-tarifs-du-fablab\/#breadcrumb","itemListElement":[{"@type":"ListItem","position":1,"name":"Accueil","item":"https:\/\/polinno.art\/"},{"@type":"ListItem","position":2,"name":"Horaires et tarifs du Fablab"}]},{"@type":"WebSite","@id":"https:\/\/polinno.art\/#website","url":"https:\/\/polinno.art\/","name":"polinno.art","description":"P\u00f4le d&#039;innovation des m\u00e9tiers d&#039;art","publisher":{"@id":"https:\/\/polinno.art\/#organization"},"potentialAction":[{"@type":"SearchAction","target":{"@type":"EntryPoint","urlTemplate":"https:\/\/polinno.art\/?s={search_term_string}"},"query-input":{"@type":"PropertyValueSpecification","valueRequired":true,"valueName":"search_term_string"}}],"inLanguage":"fr-FR"},{"@type":"Organization","@id":"https:\/\/polinno.art\/#organization","name":"polinno.art","url":"https:\/\/polinno.art\/","logo":{"@type":"ImageObject","inLanguage":"fr-FR","@id":"https:\/\/polinno.art\/#\/schema\/logo\/image\/","url":"https:\/\/i0.wp.com\/polinno.art\/wp-content\/uploads\/2019\/07\/polinno_logo.png?fit=442%2C482","contentUrl":"https:\/\/i0.wp.com\/polinno.art\/wp-content\/uploads\/2019\/07\/polinno_logo.png?fit=442%2C482","width":442,"height":482,"caption":"polinno.art"},"image":{"@id":"https:\/\/polinno.art\/#\/schema\/logo\/image\/"}}]}},"jetpack_sharing_enabled":true,"jetpack_shortlink":"https:\/\/wp.me\/PaWIIL-it","jetpack_likes_enabled":true,"_links":{"self":[{"href":"https:\/\/polinno.art\/index.php\/wp-json\/wp\/v2\/pages\/1145","targetHints":{"allow":["GET"]}}],"collection":[{"href":"https:\/\/polinno.art\/index.php\/wp-json\/wp\/v2\/pages"}],"about":[{"href":"https:\/\/polinno.art\/index.php\/wp-json\/wp\/v2\/types\/page"}],"author":[{"embeddable":true,"href":"https:\/\/polinno.art\/index.php\/wp-json\/wp\/v2\/users\/3"}],"replies":[{"embeddable":true,"href":"https:\/\/polinno.art\/index.php\/wp-json\/wp\/v2\/comments?post=1145"}],"version-history":[{"count":62,"href":"https:\/\/polinno.art\/index.php\/wp-json\/wp\/v2\/pages\/1145\/revisions"}],"predecessor-version":[{"id":3337,"href":"https:\/\/polinno.art\/index.php\/wp-json\/wp\/v2\/pages\/1145\/revisions\/3337"}],"wp:attachment":[{"href":"https:\/\/polinno.art\/index.php\/wp-json\/wp\/v2\/media?parent=1145"}],"curies":[{"name":"wp","href":"https:\/\/api.w.org\/{rel}","templated":true}]}}